{"id":1738,"date":"2019-08-06T11:17:39","date_gmt":"2019-08-06T09:17:39","guid":{"rendered":"https:\/\/www.haushannesspiss.at\/buchungsinformationen\/"},"modified":"2025-12-10T09:48:48","modified_gmt":"2025-12-10T08:48:48","slug":"booking-information","status":"publish","type":"page","link":"https:\/\/www.haushannesspiss.at\/en\/booking-information\/","title":{"rendered":"Booking Information"},"content":{"rendered":"\n<div class=\"row slogan\">\n\t<div class=\"col-12\">\n\t\t<div id=\"slogan-block_e5a5203dd6c42a6eccee6ce99aac5549\">\n\t\t\t<h1>Booking<\/h1>\n\t\t\t<h2 class=\"subheadline\"><\/h2>\n\t\t\t<p class=\"text\">To streamline the reservation process, you will find various information concerning the booking here.<\/p>\n\t\t<\/div>\n\t<\/div>\n<\/div>\n\n\n\n<h3 class=\"wp-block-heading\">CHECK IN | CHECK OUT<\/h3>\n\n\n\n<h4 class=\"wp-block-heading\">Check in:<\/h4>\n\n\n\n<p>Standard Check-in is from <strong>15:00<\/strong>. If you wish to arrive earlier, please contact us.<\/p>\n\n\n\n<h4 class=\"wp-block-heading\">Check out:<\/h4>\n\n\n\n<p>We kindly ask you to check out by <strong>10:00<\/strong> <strong>a.m.<\/strong> on the day of departure.<\/p>\n\n\n\n<h3 class=\"wp-block-heading\">Parking<\/h3>\n\n\n\n<p>Please note:<br>For the smaller apartments (up to 4 people) 1 parking space is reserved. For the large apartments (6-8 people) 2 parking spaces are provided for each apartment. Further parking spaces only on request at additional cost.<\/p>\n\n\n\n<h3 class=\"wp-block-heading\">CANCELLATION &amp; TRAVEL INSURANCE<\/h3>\n\n\n\n<h4 class=\"wp-block-heading\">Cancellation policy:<\/h4>\n\n\n\n<p>At the time of reservation by the guest, along with the subsequent verbal or written acceptance by the hotelier to provide the desired accomodation, is the accommodation contract concluded. This accommodation contract obliges not only the proprieter to provide the accomodation, but also requires the guest to comply with the obligation of remuneration for the contract.<\/p>\n\n\n\n<p>If the accommodation contract is canceled without concent of the hotelier the guest is still required to pay the agreed remuneration or part there of pertaining to the loss of revenue for the reservation. The reservation is guaranteed by a deposit, along with a written confirmation from the proprietor after receipt of the payment.<\/p>\n\n\n\n<figure class=\"wp-block-table tabelle\"><table class=\"has-fixed-layout\"><tbody><tr><td>3 months to 6 weeks prior to arrival<\/td><td>60% of the total cost<\/td><\/tr><tr><td>6 weeks to 3 weeks prior to arrival <\/td><td>90% of the total cost<\/td><\/tr><tr><td>less than 3 weeks before day of arrival:<\/td><td>The total cost of the reservation less a sum (consumption costs) of \u20ac 12 per person \/ day is payable.<\/td><\/tr><\/tbody><\/table><\/figure>\n\n\n\n<p>In the case of late arrival or early departure, the full booked period will be charged. Reservations  canceled 12 weeks prior to the agreed date of arrival will not be charged a cancellation fee.<\/p>\n\n\n\n<p>In the case of cancellation; the <a href=\"https:\/\/www.stantonamarlberg.com\/XooWebKit\/bin\/download.php\/inline\/bf22_a7a1e82fcc\/agbh_en.pdf\" target=\"_blank\" rel=\"noreferrer noopener\">Austrian Hotel Assocition contract conditions<\/a> apply.<\/p>\n\n\n\n<p>Price changes, misprints and errors excepted.<\/p>\n\n\n\n<h4 class=\"wp-block-heading\">Corona&nbsp;cancellation&nbsp;policy<\/h4>\n\n\n\n<p>In&nbsp;case of a&nbsp;travel&nbsp;warning&nbsp;or&nbsp;a&nbsp;lockdown&nbsp;before&nbsp;arrival,&nbsp;we&nbsp;don\u2019t&nbsp;charge&nbsp;a&nbsp;cancellation&nbsp;fee and&nbsp;you&nbsp;will&nbsp;get&nbsp;the&nbsp;deposit&nbsp;back.<\/p>\n\n\n\n<h4 class=\"wp-block-heading\">Travel cancellation insurance:<\/h4>\n\n\n\n<p>We recommend a cancellation insurance !!!<\/p>\n\n\n\n<h3 class=\"wp-block-heading\">PAY<\/h3>\n\n\n\n<p>Possible payment options include:<br>Cash, debit card, credit card (Visa and Mastercard), bank transfer<\/p>\n\n\n\n<section class=\"spacer-borte\">\n\t<div class=\"borte\"><\/div>\n<\/section>\n\n\n\n<section class=\"teaserbalken\" id=\"teaserbalken-block_e58453e3c7aa112eb4a0c3310e6cfc79\" style=\"background-image: url(https:\/\/www.haushannesspiss.at\/wp-content\/uploads\/2019\/08\/headerbild-impressionen-1.jpg)\">\n\t<div class=\"inner\">\n\t\t<div class=\"row links\">\n\n\t\t\t<div class=\"col-10 col-md-7 col-lg-5 textlayer\">\n\t\t\t\t<h2>Any questions remaining?<\/h2>\n\t\t\t\t<div class=\"text\"><p>You may find the information that you need in our A to Z list.<\/p>\n<\/div>\n\t\t\t\t<a href=\"https:\/\/www.haushannesspiss.at\/en\/a-to-z\/\" class=\"button button-light transition-200\">More Informations<\/a>\n\t\t\t<\/div>\n\n\n\t\t<\/div>\n\t<\/div>\n<\/section>\n\n\n\n<section class=\"spacer-borte\">\n\t<div class=\"borte\"><\/div>\n<\/section>\n","protected":false},"excerpt":{"rendered":"<p>CHECK IN | CHECK OUT Check in: Standard Check-in is from 15:00. If you wish to arrive earlier, please contact us. Check out: We kindly ask you to check out by 10:00 a.m. on the day of departure. Parking Please note:For the smaller apartments (up to 4 people) 1 parking space is reserved. For the &hellip;<\/p>\n","protected":false},"author":2,"featured_media":1527,"parent":0,"menu_order":0,"comment_status":"closed","ping_status":"closed","template":"templates\/textseite.php","meta":{"_acf_changed":false,"footnotes":""},"class_list":["post-1738","page","type-page","status-publish","has-post-thumbnail","hentry"],"acf":[],"yoast_head":"<!-- This site is optimized with the Yoast SEO plugin v27.0 - https:\/\/yoast.com\/product\/yoast-seo-wordpress\/ -->\n<title>Booking Information - Haus Hannes Spiss - St. Anton am Arlberg<\/title>\n<meta name=\"description\" content=\"To streamline the reservation process, you will find various information concerning the booking here. Check-In, parking, cancellation policy.\" \/>\n<meta name=\"robots\" content=\"index, follow, max-snippet:-1, max-image-preview:large, max-video-preview:-1\" \/>\n<link rel=\"canonical\" href=\"https:\/\/www.haushannesspiss.at\/en\/booking-information\/\" \/>\n<meta property=\"og:locale\" content=\"en_US\" \/>\n<meta property=\"og:type\" content=\"article\" \/>\n<meta property=\"og:title\" content=\"Booking Information - Haus Hannes Spiss - St. Anton am Arlberg\" \/>\n<meta property=\"og:description\" content=\"F\u00fcr einen schnellen Reservierungsablauf k\u00f6nnen Sie hier s\u00e4mtliche Informationen, die Buchung betreffend, nachlesen. Check-In, Parkpl\u00e4tze, Stornobedingungen.\" \/>\n<meta property=\"og:url\" content=\"https:\/\/www.haushannesspiss.at\/en\/booking-information\/\" \/>\n<meta property=\"og:site_name\" content=\"Haus Hannes Spiss\" \/>\n<meta property=\"article:modified_time\" content=\"2025-12-10T08:48:48+00:00\" \/>\n<meta property=\"og:image\" content=\"https:\/\/www.haushannesspiss.at\/wp-content\/uploads\/2019\/10\/beitragsbild-buchungsinformationen-01.jpg\" \/>\n\t<meta property=\"og:image:width\" content=\"900\" \/>\n\t<meta property=\"og:image:height\" content=\"600\" \/>\n\t<meta property=\"og:image:type\" content=\"image\/jpeg\" \/>\n<meta name=\"twitter:card\" content=\"summary_large_image\" \/>\n<meta name=\"twitter:label1\" content=\"Est. reading time\" \/>\n\t<meta name=\"twitter:data1\" content=\"3 minutes\" \/>\n<script type=\"application\/ld+json\" class=\"yoast-schema-graph\">{\"@context\":\"https:\/\/schema.org\",\"@graph\":[{\"@type\":\"WebPage\",\"@id\":\"https:\/\/www.haushannesspiss.at\/en\/booking-information\/\",\"url\":\"https:\/\/www.haushannesspiss.at\/en\/booking-information\/\",\"name\":\"Booking Information - Haus Hannes Spiss - St. Anton am Arlberg\",\"isPartOf\":{\"@id\":\"https:\/\/www.haushannesspiss.at\/#website\"},\"primaryImageOfPage\":{\"@id\":\"https:\/\/www.haushannesspiss.at\/en\/booking-information\/#primaryimage\"},\"image\":{\"@id\":\"https:\/\/www.haushannesspiss.at\/en\/booking-information\/#primaryimage\"},\"thumbnailUrl\":\"https:\/\/www.haushannesspiss.at\/wp-content\/uploads\/2019\/10\/beitragsbild-buchungsinformationen-01.jpg\",\"datePublished\":\"2019-08-06T09:17:39+00:00\",\"dateModified\":\"2025-12-10T08:48:48+00:00\",\"description\":\"To streamline the reservation process, you will find various information concerning the booking here. Check-In, parking, cancellation policy.\",\"breadcrumb\":{\"@id\":\"https:\/\/www.haushannesspiss.at\/en\/booking-information\/#breadcrumb\"},\"inLanguage\":\"en-US\",\"potentialAction\":[{\"@type\":\"ReadAction\",\"target\":[\"https:\/\/www.haushannesspiss.at\/en\/booking-information\/\"]}]},{\"@type\":\"ImageObject\",\"inLanguage\":\"en-US\",\"@id\":\"https:\/\/www.haushannesspiss.at\/en\/booking-information\/#primaryimage\",\"url\":\"https:\/\/www.haushannesspiss.at\/wp-content\/uploads\/2019\/10\/beitragsbild-buchungsinformationen-01.jpg\",\"contentUrl\":\"https:\/\/www.haushannesspiss.at\/wp-content\/uploads\/2019\/10\/beitragsbild-buchungsinformationen-01.jpg\",\"width\":900,\"height\":600,\"caption\":\"towels on the bed\"},{\"@type\":\"BreadcrumbList\",\"@id\":\"https:\/\/www.haushannesspiss.at\/en\/booking-information\/#breadcrumb\",\"itemListElement\":[{\"@type\":\"ListItem\",\"position\":1,\"name\":\"Startseite\",\"item\":\"https:\/\/www.haushannesspiss.at\/en\/\"},{\"@type\":\"ListItem\",\"position\":2,\"name\":\"Booking Information\"}]},{\"@type\":\"WebSite\",\"@id\":\"https:\/\/www.haushannesspiss.at\/#website\",\"url\":\"https:\/\/www.haushannesspiss.at\/\",\"name\":\"Haus Hannes Spiss\",\"description\":\"\",\"publisher\":{\"@id\":\"https:\/\/www.haushannesspiss.at\/#organization\"},\"potentialAction\":[{\"@type\":\"SearchAction\",\"target\":{\"@type\":\"EntryPoint\",\"urlTemplate\":\"https:\/\/www.haushannesspiss.at\/?s={search_term_string}\"},\"query-input\":{\"@type\":\"PropertyValueSpecification\",\"valueRequired\":true,\"valueName\":\"search_term_string\"}}],\"inLanguage\":\"en-US\"},{\"@type\":\"Organization\",\"@id\":\"https:\/\/www.haushannesspiss.at\/#organization\",\"name\":\"Haus Hannes Spiss\",\"url\":\"https:\/\/www.haushannesspiss.at\/\",\"logo\":{\"@type\":\"ImageObject\",\"inLanguage\":\"en-US\",\"@id\":\"https:\/\/www.haushannesspiss.at\/#\/schema\/logo\/image\/\",\"url\":\"https:\/\/www.haushannesspiss.at\/wp-content\/uploads\/2019\/10\/logo-haushannesspiss-lores.jpg\",\"contentUrl\":\"https:\/\/www.haushannesspiss.at\/wp-content\/uploads\/2019\/10\/logo-haushannesspiss-lores.jpg\",\"width\":1000,\"height\":1000,\"caption\":\"Haus Hannes Spiss\"},\"image\":{\"@id\":\"https:\/\/www.haushannesspiss.at\/#\/schema\/logo\/image\/\"}}]}<\/script>\n<!-- \/ Yoast SEO plugin. -->","yoast_head_json":{"title":"Booking Information - Haus Hannes Spiss - St. Anton am Arlberg","description":"To streamline the reservation process, you will find various information concerning the booking here. Check-In, parking, cancellation policy.","robots":{"index":"index","follow":"follow","max-snippet":"max-snippet:-1","max-image-preview":"max-image-preview:large","max-video-preview":"max-video-preview:-1"},"canonical":"https:\/\/www.haushannesspiss.at\/en\/booking-information\/","og_locale":"en_US","og_type":"article","og_title":"Booking Information - Haus Hannes Spiss - St. Anton am Arlberg","og_description":"F\u00fcr einen schnellen Reservierungsablauf k\u00f6nnen Sie hier s\u00e4mtliche Informationen, die Buchung betreffend, nachlesen. Check-In, Parkpl\u00e4tze, Stornobedingungen.","og_url":"https:\/\/www.haushannesspiss.at\/en\/booking-information\/","og_site_name":"Haus Hannes Spiss","article_modified_time":"2025-12-10T08:48:48+00:00","og_image":[{"width":900,"height":600,"url":"https:\/\/www.haushannesspiss.at\/wp-content\/uploads\/2019\/10\/beitragsbild-buchungsinformationen-01.jpg","type":"image\/jpeg"}],"twitter_card":"summary_large_image","twitter_misc":{"Est. reading time":"3 minutes"},"schema":{"@context":"https:\/\/schema.org","@graph":[{"@type":"WebPage","@id":"https:\/\/www.haushannesspiss.at\/en\/booking-information\/","url":"https:\/\/www.haushannesspiss.at\/en\/booking-information\/","name":"Booking Information - Haus Hannes Spiss - St. Anton am Arlberg","isPartOf":{"@id":"https:\/\/www.haushannesspiss.at\/#website"},"primaryImageOfPage":{"@id":"https:\/\/www.haushannesspiss.at\/en\/booking-information\/#primaryimage"},"image":{"@id":"https:\/\/www.haushannesspiss.at\/en\/booking-information\/#primaryimage"},"thumbnailUrl":"https:\/\/www.haushannesspiss.at\/wp-content\/uploads\/2019\/10\/beitragsbild-buchungsinformationen-01.jpg","datePublished":"2019-08-06T09:17:39+00:00","dateModified":"2025-12-10T08:48:48+00:00","description":"To streamline the reservation process, you will find various information concerning the booking here. Check-In, parking, cancellation policy.","breadcrumb":{"@id":"https:\/\/www.haushannesspiss.at\/en\/booking-information\/#breadcrumb"},"inLanguage":"en-US","potentialAction":[{"@type":"ReadAction","target":["https:\/\/www.haushannesspiss.at\/en\/booking-information\/"]}]},{"@type":"ImageObject","inLanguage":"en-US","@id":"https:\/\/www.haushannesspiss.at\/en\/booking-information\/#primaryimage","url":"https:\/\/www.haushannesspiss.at\/wp-content\/uploads\/2019\/10\/beitragsbild-buchungsinformationen-01.jpg","contentUrl":"https:\/\/www.haushannesspiss.at\/wp-content\/uploads\/2019\/10\/beitragsbild-buchungsinformationen-01.jpg","width":900,"height":600,"caption":"towels on the bed"},{"@type":"BreadcrumbList","@id":"https:\/\/www.haushannesspiss.at\/en\/booking-information\/#breadcrumb","itemListElement":[{"@type":"ListItem","position":1,"name":"Startseite","item":"https:\/\/www.haushannesspiss.at\/en\/"},{"@type":"ListItem","position":2,"name":"Booking Information"}]},{"@type":"WebSite","@id":"https:\/\/www.haushannesspiss.at\/#website","url":"https:\/\/www.haushannesspiss.at\/","name":"Haus Hannes Spiss","description":"","publisher":{"@id":"https:\/\/www.haushannesspiss.at\/#organization"},"potentialAction":[{"@type":"SearchAction","target":{"@type":"EntryPoint","urlTemplate":"https:\/\/www.haushannesspiss.at\/?s={search_term_string}"},"query-input":{"@type":"PropertyValueSpecification","valueRequired":true,"valueName":"search_term_string"}}],"inLanguage":"en-US"},{"@type":"Organization","@id":"https:\/\/www.haushannesspiss.at\/#organization","name":"Haus Hannes Spiss","url":"https:\/\/www.haushannesspiss.at\/","logo":{"@type":"ImageObject","inLanguage":"en-US","@id":"https:\/\/www.haushannesspiss.at\/#\/schema\/logo\/image\/","url":"https:\/\/www.haushannesspiss.at\/wp-content\/uploads\/2019\/10\/logo-haushannesspiss-lores.jpg","contentUrl":"https:\/\/www.haushannesspiss.at\/wp-content\/uploads\/2019\/10\/logo-haushannesspiss-lores.jpg","width":1000,"height":1000,"caption":"Haus Hannes Spiss"},"image":{"@id":"https:\/\/www.haushannesspiss.at\/#\/schema\/logo\/image\/"}}]}},"_links":{"self":[{"href":"https:\/\/www.haushannesspiss.at\/en\/wp-json\/wp\/v2\/pages\/1738","targetHints":{"allow":["GET"]}}],"collection":[{"href":"https:\/\/www.haushannesspiss.at\/en\/wp-json\/wp\/v2\/pages"}],"about":[{"href":"https:\/\/www.haushannesspiss.at\/en\/wp-json\/wp\/v2\/types\/page"}],"author":[{"embeddable":true,"href":"https:\/\/www.haushannesspiss.at\/en\/wp-json\/wp\/v2\/users\/2"}],"replies":[{"embeddable":true,"href":"https:\/\/www.haushannesspiss.at\/en\/wp-json\/wp\/v2\/comments?post=1738"}],"version-history":[{"count":16,"href":"https:\/\/www.haushannesspiss.at\/en\/wp-json\/wp\/v2\/pages\/1738\/revisions"}],"predecessor-version":[{"id":2245,"href":"https:\/\/www.haushannesspiss.at\/en\/wp-json\/wp\/v2\/pages\/1738\/revisions\/2245"}],"wp:featuredmedia":[{"embeddable":true,"href":"https:\/\/www.haushannesspiss.at\/en\/wp-json\/wp\/v2\/media\/1527"}],"wp:attachment":[{"href":"https:\/\/www.haushannesspiss.at\/en\/wp-json\/wp\/v2\/media?parent=1738"}],"curies":[{"name":"wp","href":"https:\/\/api.w.org\/{rel}","templated":true}]}}