{"id":1615,"date":"2019-06-21T10:52:50","date_gmt":"2019-06-21T08:52:50","guid":{"rendered":"https:\/\/www.haushannesspiss.at\/startseite\/"},"modified":"2026-01-13T11:00:36","modified_gmt":"2026-01-13T10:00:36","slug":"startseite","status":"publish","type":"page","link":"https:\/\/www.haushannesspiss.at\/en\/","title":{"rendered":"Haus Hannes Spiss"},"content":{"rendered":"\n<div class=\"row slogan\">\n\t<div class=\"col-12\">\n\t\t<div id=\"slogan-block_08fe16bb30e27c7d49f39f7f977d78d0\">\n\t\t\t<h1>Welcome to Haus Hannes Spiss.<\/h1>\n\t\t\t<h2 class=\"subheadline\"><\/h2>\n\t\t\t<p class=\"text\">Arrive, Relax, Enjoy. Be prepared for endless kilometers of pistes and countless hiking and cycling trails in the midst of a majestic mountain landscape &#8211; in winter as inviting as in summer.<\/p>\n\t\t<\/div>\n\t<\/div>\n<\/div>\n\n\n\n<section class=\"teaserbox\" id=\"teaserbox-block_c7c185cc28e49d76e8db757ac3684b56\">\n<div class=\"row\">\n\t\n\t\t\t<div class=\"col-12 col-lg-7 bildbox\">\n\t\t\t<div class=\"inner\" style=\"background-image: url(https:\/\/www.haushannesspiss.at\/wp-content\/uploads\/2019\/06\/teaser-appartements.jpg) \"><\/div>\t\t\n\t\t<\/div>\n\t\t<div class=\"col-12 col-lg-5 textbox\" >\n\t\t\t<div class=\"inner\">\n\t\t\t\t<h2><a href=\"https:\/\/www.haushannesspiss.at\/en\/apartments\/\">Apartments with feel-good service<\/a><\/h2>\n\t\t\t\t<div class=\"text\"><p>Whether as a pair or with a group of friends &#8211; our family run house offers 6 different sized apartments from 2 to 8 people. Expect cosiness and comfortable amenities, as well as additional service for the perfect holiday feeling.<\/p>\n<\/div>\n\t\t\t\t<a href=\"https:\/\/www.haushannesspiss.at\/en\/apartments\/\" class=\"button button-light transition-200\">More<\/a>\n\t\t\t<\/div>\n\t\t<\/div>\n\t\t\n\t\t\n\t\n\t\n\t\n\t\n\t\n\t\n<\/div>\n<\/section>\n\n\n\n<section class=\"spacer-borte\">\n\t<div class=\"borte\"><\/div>\n<\/section>\n\n\n\n<section class=\"servicebox\" id=\"servicebox-block_584afc7a5e22ae8197e95e859a49f822\" >\n\t<div class=\"inner\">\n\t\t\n\t\t<div class=\"row\">\n\t\t\t<div class=\"col-12\">\n\t\t\t\t\t\t\t\t\t\t\t<\/div>\n\t\t<\/div>\n\t\t\n\t\t<div class=\"row justify-content-md-center\">\n\t\t\t\n\t\t\t\n        \n\t\t\t\t<div class=\"col-12 col-md-4 service-box\">\n\t\t\t\t\t\t\t\t\t\t\t<div class=\"service-icon-box\">\n\t\t\t\t\t\t\t<span style=\"background-image: url(https:\/\/www.haushannesspiss.at\/wp-content\/uploads\/2019\/07\/icon-fruehstueck-broetchenservice.png)\"><\/span>\n\t\t\t\t\t\t<\/div>\n\t\t\t\t\t\t\t\t\t\t<h4>Breakfast <br>in our Zirbenstube<\/h4>\n\t\t\t\t\t<p>Book our delicious breakfast in our Zirbenstube.<\/p>\n\t\t\t\t<\/div>\n\n\t\t\t\t\n        \n\t\t\t\t<div class=\"col-12 col-md-4 service-box\">\n\t\t\t\t\t\t\t\t\t\t\t<div class=\"service-icon-box\">\n\t\t\t\t\t\t\t<span style=\"background-image: url(https:\/\/www.haushannesspiss.at\/wp-content\/uploads\/2019\/08\/icon-parken.png)\"><\/span>\n\t\t\t\t\t\t<\/div>\n\t\t\t\t\t\t\t\t\t\t<h4>Parking <br>directly at the house<\/h4>\n\t\t\t\t\t<p>Our own parking lots are found directly in front of the house door, accessable at any time.<\/p>\n\t\t\t\t<\/div>\n\n\t\t\t\t\n        \n\t\t\t\t<div class=\"col-12 col-md-4 service-box\">\n\t\t\t\t\t\t\t\t\t\t\t<div class=\"service-icon-box\">\n\t\t\t\t\t\t\t<span style=\"background-image: url(https:\/\/www.haushannesspiss.at\/wp-content\/uploads\/2019\/07\/icon-reinigungsservice.png)\"><\/span>\n\t\t\t\t\t\t<\/div>\n\t\t\t\t\t\t\t\t\t\t<h4>Cleaning service <br>on request<\/h4>\n\t\t\t\t\t<p>Apartment with the service of a hotel room? No problem! On request we offer daily cleaning service.<\/p>\n\t\t\t\t<\/div>\n\n\t\t\t\t\t\t\t\n\t\t\t\n\t\t\t\n\t\t\t\n\t\t\t\n\t\t<\/div>\n\t\t\n\t<\/div>\n<\/section>\n\n\n\n<section class=\"spacer-borte\">\n\t<div class=\"borte\"><\/div>\n<\/section>\n\n\n\n<section class=\"teaserbox\" id=\"teaserbox-block_5e62a2cedc73e877824b6ed1860321fd\">\n<div class=\"row\">\n\t\n\t\t\n\t\t\t<div class=\"col-12 col-lg-7 bildbox order-lg-2\">\n\t\t\t<div class=\"inner\" style=\"background-image: url(https:\/\/www.haushannesspiss.at\/wp-content\/uploads\/2019\/09\/haushannesspiss-04.jpg) \"><\/div>\t\t\n\t\t<\/div>\n\t\t<div class=\"col-12 col-lg-5 textbox order-lg-1\" >\n\t\t\t<div class=\"inner\">\n\t\t\t\t<h2><a href=\"https:\/\/www.haushannesspiss.at\/en\/location\/\">Perfect location in the resort<\/a><\/h2>\n\t\t\t\t<div class=\"text\"><p>The apartment house Hannes Spiss is located in a central but peaceful location in the heart of St. Anton am Arlberg. The pedestrian zone, center for entertainment and gastronomy; with shops and access to all cable car stations; is only a few minutes away by foot.<\/p>\n<\/div>\n\t\t\t\t<a href=\"https:\/\/www.haushannesspiss.at\/en\/location\/\" class=\"button button-light transition-200\">More<\/a>\n\t\t\t<\/div>\n\t\t<\/div>\n\t\t\n\t\t\n\t\n\t\n\t\n\t\n\t\n\t\n<\/div>\n<\/section>\n\n\n\n<section class=\"spacer-borte\">\n\t<div class=\"borte\"><\/div>\n<\/section>\n\n\n\n<section class=\"servicebox\" id=\"servicebox-block_5a801fdd745d8ba2ce272a135b86782b\" >\n\t<div class=\"inner\">\n\t\t\n\t\t<div class=\"row\">\n\t\t\t<div class=\"col-12\">\n\t\t\t\t<h2>Good reasons<\/h2>\t\t\t\t<p class=\"subheadline\">for a stay at Haus Hannes Spiss<\/p>\t\t\t<\/div>\n\t\t<\/div>\n\t\t\n\t\t<div class=\"row justify-content-md-center\">\n\t\t\t\n\t\t\t\n        \n\t\t\t\t<div class=\"col-12 col-md-4 service-box\">\n\t\t\t\t\t\t\t\t\t\t<h4>Authentic and personal<\/h4>\n\t\t\t\t\t<p>As local &#8220;Antoner&#8221; for many generations, we are personally there to help you enjoy your stay. We may also be able to provide you with an insider secret tip or two.<\/p>\n\t\t\t\t<\/div>\n\n\t\t\t\t\n        \n\t\t\t\t<div class=\"col-12 col-md-4 service-box\">\n\t\t\t\t\t\t\t\t\t\t<h4>Uncomplicated and individual<\/h4>\n\t\t\t\t\t<p>Just relax. Individual choices and an uncomplicated communication from the reservation to the check-out.<\/p>\n\t\t\t\t<\/div>\n\n\t\t\t\t\n        \n\t\t\t\t<div class=\"col-12 col-md-4 service-box\">\n\t\t\t\t\t\t\t\t\t\t<h4>Cozy and comfortable<\/h4>\n\t\t\t\t\t<p>We combine the cosiness of a traditional home with modern comfort &#8211; so just relax and enjoy.<\/p>\n\t\t\t\t<\/div>\n\n\t\t\t\t\t\t\t\n\t\t\t\n\t\t\t\n\t\t\t\n\t\t\t\n\t\t<\/div>\n\t\t\n\t<\/div>\n<\/section>\n\n\n\n<section class=\"spacer-borte\">\n\t<div class=\"borte\"><\/div>\n<\/section>\n\n\n\n<section class=\"teaserbalken\" id=\"teaserbalken-block_8f096e2278742aae001e4d8ba501233b\" style=\"background-image: url(https:\/\/www.haushannesspiss.at\/wp-content\/uploads\/2019\/07\/teaser-sommer-winter.jpg)\">\n\t<div class=\"inner\">\n\t\t<div class=\"row links\">\n\n\t\t\t<div class=\"col-10 col-md-7 col-lg-5 textlayer\">\n\t\t\t\t<h2>Summer and winter in the Arlberg<\/h2>\n\t\t\t\t<div class=\"text\"><p>As the cradle of alpine skiing, St. Anton am Arlberg is known worldwide &#8211; and rightly so. What not so many know: The Arlberg is also in summer a true paradise for all nature lovers and mountaineers. Hiking, climbing, biking or just enjoying the imposing landscape from the lounge chair. Currently an insider tip &#8230;<\/p>\n<\/div>\n\t\t\t\t<a href=\"https:\/\/www.haushannesspiss.at\/en\/st-anton-am-arlberg\/\" class=\"button button-light transition-200\">More<\/a>\n\t\t\t<\/div>\n\n\n\t\t<\/div>\n\t<\/div>\n<\/section>\n\n\n\n<section class=\"spacer-borte\">\n\t<div class=\"borte\"><\/div>\n<\/section>\n","protected":false},"excerpt":{"rendered":"","protected":false},"author":2,"featured_media":1509,"parent":0,"menu_order":0,"comment_status":"closed","ping_status":"closed","template":"templates\/startseite.php","meta":{"_acf_changed":false,"footnotes":""},"class_list":["post-1615","page","type-page","status-publish","has-post-thumbnail","hentry"],"acf":[],"yoast_head":"<!-- This site is optimized with the Yoast SEO plugin v27.0 - https:\/\/yoast.com\/product\/yoast-seo-wordpress\/ -->\n<title>Haus Hannes Spiss | Apartments with feel-good service in St. Anton a\/A<\/title>\n<meta name=\"description\" content=\"Our family-run house offers 6 different sized apartments for 2 to 8 people. Prime location in St. Anton am Arlberg. Summer and winter!\" \/>\n<meta name=\"robots\" content=\"index, follow, max-snippet:-1, max-image-preview:large, max-video-preview:-1\" \/>\n<link rel=\"canonical\" href=\"https:\/\/www.haushannesspiss.at\/en\/\" \/>\n<meta property=\"og:locale\" content=\"en_US\" \/>\n<meta property=\"og:type\" content=\"article\" \/>\n<meta property=\"og:title\" content=\"Appartements mit Wohlf\u00fchlservice | Haus Hannes Spiss in St. Anton a\/A\" \/>\n<meta property=\"og:description\" content=\"Unser famili\u00e4r gef\u00fchrtes Haus bietet 6 verschieden gro\u00dfe Appartements f\u00fcr 2 bis 10 Personen in Top Lage in St. Anton am Arlberg. Sommer und Winter!\" \/>\n<meta property=\"og:url\" content=\"https:\/\/www.haushannesspiss.at\/en\/\" \/>\n<meta property=\"og:site_name\" content=\"Haus Hannes Spiss\" \/>\n<meta property=\"article:modified_time\" content=\"2026-01-13T10:00:36+00:00\" \/>\n<meta property=\"og:image\" content=\"https:\/\/www.haushannesspiss.at\/wp-content\/uploads\/2019\/10\/beitragsbild-haus-01.jpg\" \/>\n\t<meta property=\"og:image:width\" content=\"900\" \/>\n\t<meta property=\"og:image:height\" content=\"600\" \/>\n\t<meta property=\"og:image:type\" content=\"image\/jpeg\" \/>\n<meta name=\"twitter:card\" content=\"summary_large_image\" \/>\n<meta name=\"twitter:label1\" content=\"Est. reading time\" \/>\n\t<meta name=\"twitter:data1\" content=\"1 minute\" \/>\n<script type=\"application\/ld+json\" class=\"yoast-schema-graph\">{\"@context\":\"https:\/\/schema.org\",\"@graph\":[{\"@type\":\"WebPage\",\"@id\":\"https:\/\/www.haushannesspiss.at\/en\/\",\"url\":\"https:\/\/www.haushannesspiss.at\/en\/\",\"name\":\"Haus Hannes Spiss | Apartments with feel-good service in St. Anton a\/A\",\"isPartOf\":{\"@id\":\"https:\/\/www.haushannesspiss.at\/#website\"},\"primaryImageOfPage\":{\"@id\":\"https:\/\/www.haushannesspiss.at\/en\/#primaryimage\"},\"image\":{\"@id\":\"https:\/\/www.haushannesspiss.at\/en\/#primaryimage\"},\"thumbnailUrl\":\"https:\/\/www.haushannesspiss.at\/wp-content\/uploads\/2019\/10\/beitragsbild-haus-01.jpg\",\"datePublished\":\"2019-06-21T08:52:50+00:00\",\"dateModified\":\"2026-01-13T10:00:36+00:00\",\"description\":\"Our family-run house offers 6 different sized apartments for 2 to 8 people. Prime location in St. Anton am Arlberg. Summer and winter!\",\"breadcrumb\":{\"@id\":\"https:\/\/www.haushannesspiss.at\/en\/#breadcrumb\"},\"inLanguage\":\"en-US\",\"potentialAction\":[{\"@type\":\"ReadAction\",\"target\":[\"https:\/\/www.haushannesspiss.at\/en\/\"]}]},{\"@type\":\"ImageObject\",\"inLanguage\":\"en-US\",\"@id\":\"https:\/\/www.haushannesspiss.at\/en\/#primaryimage\",\"url\":\"https:\/\/www.haushannesspiss.at\/wp-content\/uploads\/2019\/10\/beitragsbild-haus-01.jpg\",\"contentUrl\":\"https:\/\/www.haushannesspiss.at\/wp-content\/uploads\/2019\/10\/beitragsbild-haus-01.jpg\",\"width\":900,\"height\":600,\"caption\":\"Haus Hannes Spiss\"},{\"@type\":\"BreadcrumbList\",\"@id\":\"https:\/\/www.haushannesspiss.at\/en\/#breadcrumb\",\"itemListElement\":[{\"@type\":\"ListItem\",\"position\":1,\"name\":\"Startseite\",\"item\":\"https:\/\/www.haushannesspiss.at\/en\/\"},{\"@type\":\"ListItem\",\"position\":2,\"name\":\"Haus Hannes Spiss\"}]},{\"@type\":\"WebSite\",\"@id\":\"https:\/\/www.haushannesspiss.at\/#website\",\"url\":\"https:\/\/www.haushannesspiss.at\/\",\"name\":\"Haus Hannes Spiss\",\"description\":\"\",\"publisher\":{\"@id\":\"https:\/\/www.haushannesspiss.at\/#organization\"},\"potentialAction\":[{\"@type\":\"SearchAction\",\"target\":{\"@type\":\"EntryPoint\",\"urlTemplate\":\"https:\/\/www.haushannesspiss.at\/?s={search_term_string}\"},\"query-input\":{\"@type\":\"PropertyValueSpecification\",\"valueRequired\":true,\"valueName\":\"search_term_string\"}}],\"inLanguage\":\"en-US\"},{\"@type\":\"Organization\",\"@id\":\"https:\/\/www.haushannesspiss.at\/#organization\",\"name\":\"Haus Hannes Spiss\",\"url\":\"https:\/\/www.haushannesspiss.at\/\",\"logo\":{\"@type\":\"ImageObject\",\"inLanguage\":\"en-US\",\"@id\":\"https:\/\/www.haushannesspiss.at\/#\/schema\/logo\/image\/\",\"url\":\"https:\/\/www.haushannesspiss.at\/wp-content\/uploads\/2019\/10\/logo-haushannesspiss-lores.jpg\",\"contentUrl\":\"https:\/\/www.haushannesspiss.at\/wp-content\/uploads\/2019\/10\/logo-haushannesspiss-lores.jpg\",\"width\":1000,\"height\":1000,\"caption\":\"Haus Hannes Spiss\"},\"image\":{\"@id\":\"https:\/\/www.haushannesspiss.at\/#\/schema\/logo\/image\/\"}}]}<\/script>\n<!-- \/ Yoast SEO plugin. -->","yoast_head_json":{"title":"Haus Hannes Spiss | Apartments with feel-good service in St. Anton a\/A","description":"Our family-run house offers 6 different sized apartments for 2 to 8 people. Prime location in St. Anton am Arlberg. Summer and winter!","robots":{"index":"index","follow":"follow","max-snippet":"max-snippet:-1","max-image-preview":"max-image-preview:large","max-video-preview":"max-video-preview:-1"},"canonical":"https:\/\/www.haushannesspiss.at\/en\/","og_locale":"en_US","og_type":"article","og_title":"Appartements mit Wohlf\u00fchlservice | Haus Hannes Spiss in St. Anton a\/A","og_description":"Unser famili\u00e4r gef\u00fchrtes Haus bietet 6 verschieden gro\u00dfe Appartements f\u00fcr 2 bis 10 Personen in Top Lage in St. Anton am Arlberg. Sommer und Winter!","og_url":"https:\/\/www.haushannesspiss.at\/en\/","og_site_name":"Haus Hannes Spiss","article_modified_time":"2026-01-13T10:00:36+00:00","og_image":[{"width":900,"height":600,"url":"https:\/\/www.haushannesspiss.at\/wp-content\/uploads\/2019\/10\/beitragsbild-haus-01.jpg","type":"image\/jpeg"}],"twitter_card":"summary_large_image","twitter_misc":{"Est. reading time":"1 minute"},"schema":{"@context":"https:\/\/schema.org","@graph":[{"@type":"WebPage","@id":"https:\/\/www.haushannesspiss.at\/en\/","url":"https:\/\/www.haushannesspiss.at\/en\/","name":"Haus Hannes Spiss | Apartments with feel-good service in St. Anton a\/A","isPartOf":{"@id":"https:\/\/www.haushannesspiss.at\/#website"},"primaryImageOfPage":{"@id":"https:\/\/www.haushannesspiss.at\/en\/#primaryimage"},"image":{"@id":"https:\/\/www.haushannesspiss.at\/en\/#primaryimage"},"thumbnailUrl":"https:\/\/www.haushannesspiss.at\/wp-content\/uploads\/2019\/10\/beitragsbild-haus-01.jpg","datePublished":"2019-06-21T08:52:50+00:00","dateModified":"2026-01-13T10:00:36+00:00","description":"Our family-run house offers 6 different sized apartments for 2 to 8 people. Prime location in St. Anton am Arlberg. Summer and winter!","breadcrumb":{"@id":"https:\/\/www.haushannesspiss.at\/en\/#breadcrumb"},"inLanguage":"en-US","potentialAction":[{"@type":"ReadAction","target":["https:\/\/www.haushannesspiss.at\/en\/"]}]},{"@type":"ImageObject","inLanguage":"en-US","@id":"https:\/\/www.haushannesspiss.at\/en\/#primaryimage","url":"https:\/\/www.haushannesspiss.at\/wp-content\/uploads\/2019\/10\/beitragsbild-haus-01.jpg","contentUrl":"https:\/\/www.haushannesspiss.at\/wp-content\/uploads\/2019\/10\/beitragsbild-haus-01.jpg","width":900,"height":600,"caption":"Haus Hannes Spiss"},{"@type":"BreadcrumbList","@id":"https:\/\/www.haushannesspiss.at\/en\/#breadcrumb","itemListElement":[{"@type":"ListItem","position":1,"name":"Startseite","item":"https:\/\/www.haushannesspiss.at\/en\/"},{"@type":"ListItem","position":2,"name":"Haus Hannes Spiss"}]},{"@type":"WebSite","@id":"https:\/\/www.haushannesspiss.at\/#website","url":"https:\/\/www.haushannesspiss.at\/","name":"Haus Hannes Spiss","description":"","publisher":{"@id":"https:\/\/www.haushannesspiss.at\/#organization"},"potentialAction":[{"@type":"SearchAction","target":{"@type":"EntryPoint","urlTemplate":"https:\/\/www.haushannesspiss.at\/?s={search_term_string}"},"query-input":{"@type":"PropertyValueSpecification","valueRequired":true,"valueName":"search_term_string"}}],"inLanguage":"en-US"},{"@type":"Organization","@id":"https:\/\/www.haushannesspiss.at\/#organization","name":"Haus Hannes Spiss","url":"https:\/\/www.haushannesspiss.at\/","logo":{"@type":"ImageObject","inLanguage":"en-US","@id":"https:\/\/www.haushannesspiss.at\/#\/schema\/logo\/image\/","url":"https:\/\/www.haushannesspiss.at\/wp-content\/uploads\/2019\/10\/logo-haushannesspiss-lores.jpg","contentUrl":"https:\/\/www.haushannesspiss.at\/wp-content\/uploads\/2019\/10\/logo-haushannesspiss-lores.jpg","width":1000,"height":1000,"caption":"Haus Hannes Spiss"},"image":{"@id":"https:\/\/www.haushannesspiss.at\/#\/schema\/logo\/image\/"}}]}},"_links":{"self":[{"href":"https:\/\/www.haushannesspiss.at\/en\/wp-json\/wp\/v2\/pages\/1615","targetHints":{"allow":["GET"]}}],"collection":[{"href":"https:\/\/www.haushannesspiss.at\/en\/wp-json\/wp\/v2\/pages"}],"about":[{"href":"https:\/\/www.haushannesspiss.at\/en\/wp-json\/wp\/v2\/types\/page"}],"author":[{"embeddable":true,"href":"https:\/\/www.haushannesspiss.at\/en\/wp-json\/wp\/v2\/users\/2"}],"replies":[{"embeddable":true,"href":"https:\/\/www.haushannesspiss.at\/en\/wp-json\/wp\/v2\/comments?post=1615"}],"version-history":[{"count":17,"href":"https:\/\/www.haushannesspiss.at\/en\/wp-json\/wp\/v2\/pages\/1615\/revisions"}],"predecessor-version":[{"id":2258,"href":"https:\/\/www.haushannesspiss.at\/en\/wp-json\/wp\/v2\/pages\/1615\/revisions\/2258"}],"wp:featuredmedia":[{"embeddable":true,"href":"https:\/\/www.haushannesspiss.at\/en\/wp-json\/wp\/v2\/media\/1509"}],"wp:attachment":[{"href":"https:\/\/www.haushannesspiss.at\/en\/wp-json\/wp\/v2\/media?parent=1615"}],"curies":[{"name":"wp","href":"https:\/\/api.w.org\/{rel}","templated":true}]}}